{"id":650,"date":"2023-08-09T14:20:57","date_gmt":"2023-08-09T12:20:57","guid":{"rendered":"https:\/\/valorisation.ch\/services\/"},"modified":"2024-02-23T13:11:49","modified_gmt":"2024-02-23T12:11:49","slug":"services","status":"publish","type":"page","link":"https:\/\/valorisation.ch\/rm\/services\/","title":{"rendered":"Services RO"},"content":{"rendered":"\n<section data-services-block-js\n         class=\"services-block gutenberg-block \" >\n      <section class=\"services-block__edge\">\n      <div class=\"sk-container sk-container--fl\">\n        <div class=\"services-block__edge-inner\">\n          <div data-dl1-edge-js\n               class=\"services-block__edge-col services-block__edge-col--text sk-rounded-corner--top-right\">\n            <div class=\"services-block__edge-content-wrap\">\n                              <div data-title-dl1-js\n                     data-dl1-position-js=\"left\"\n                     data-aos=\"fade-right\"\n                     data-aos-offset=\"200\"\n                     data-aos-duration=\"1000\"\n                     data-aos-delay=\"150\"\n                     data-aos-once=\"true\"\n                     class=\"services-block__edge-title sk-text--h1\">\n                  <?xml encoding=\"utf-8\" ?><p><span>I <\/span><span>servetschs <\/span><span>offerts <\/span><\/p>\n\n                  <div data-dl1-js class=\"deco-line-1 deco-line-1--white\"><\/div>\n                <\/div>\n                                            <div data-aos=\"fade-right\"\n                     data-aos-offset=\"200\"\n                     data-aos-duration=\"1000\"\n                     data-aos-delay=\"150\"\n                     data-aos-once=\"true\"\n                     class=\"services-block__edge-text\"><p class=\"p1\">Cun ina squadra da 22 persunas, installada sin ina surfatscha da quasi 5&#8217;000 m2, nus essan capabels da furnir prestaziuns ch&#8217;includan in accompagnament administra-tiv per l&#8217;elavuraziun da docs da conformitad, ina squadra da chaffeurs da camions grondas che possedan licensas per il transport da materials periculs, persunal da tri ch&#8217;ha furmaziun e licensas per l&#8217;usage d&#8217;agidaziuns industrialas, sco er collavuraturs experients per smontads tecnics.<\/p>\n<\/div>\n                          <\/div>\n          <\/div>\n          <div data-aos=\"fade-left\"\n               data-aos-offset=\"200\"\n               data-aos-duration=\"1000\"\n               data-aos-delay=\"150\"\n               data-aos-once=\"true\"\n               class=\"services-block__edge-col services-block__edge-col--img\">\n            <div class=\"services-block__edge-media-wrap sk-media-wrap\">\n                              \n\n                                                    \n      \n  <picture>\n    <source type=\"image\/webp\" sizes=\"\" srcset=\"https:\/\/valorisation.ch\/wp-content\/uploads\/2023\/09\/IMAGE_01-100x0-c-default.webp 100w, https:\/\/valorisation.ch\/wp-content\/uploads\/2023\/09\/IMAGE_01-200x0-c-default.webp 200w, https:\/\/valorisation.ch\/wp-content\/uploads\/2023\/09\/IMAGE_01-400x0-c-default.webp 400w, https:\/\/valorisation.ch\/wp-content\/uploads\/2023\/09\/IMAGE_01-600x0-c-default.webp 600w, https:\/\/valorisation.ch\/wp-content\/uploads\/2023\/09\/IMAGE_01-800x0-c-default.webp 800w, https:\/\/valorisation.ch\/wp-content\/uploads\/2023\/09\/IMAGE_01.webp 960w\">\n    <source type=\"image\/jpeg\" sizes=\"\" srcset=\"https:\/\/valorisation.ch\/wp-content\/uploads\/2023\/09\/IMAGE_01-100x0-c-default.jpg 100w, https:\/\/valorisation.ch\/wp-content\/uploads\/2023\/09\/IMAGE_01-200x0-c-default.jpg 200w, https:\/\/valorisation.ch\/wp-content\/uploads\/2023\/09\/IMAGE_01-400x0-c-default.jpg 400w, https:\/\/valorisation.ch\/wp-content\/uploads\/2023\/09\/IMAGE_01-600x0-c-default.jpg 600w, https:\/\/valorisation.ch\/wp-content\/uploads\/2023\/09\/IMAGE_01-800x0-c-default.jpg 800w, https:\/\/valorisation.ch\/wp-content\/uploads\/2023\/09\/IMAGE_01.jpg 960w\">\n    <img decoding=\"async\" class=\"\" width=\"960\" height=\"844\" alt=\"IMAGE_01\"\n         src=\"https:\/\/valorisation.ch\/wp-content\/uploads\/2023\/09\/IMAGE_01.jpg\" loading=\"lazy\">\n  <\/picture>\n\n                          <\/div>\n          <\/div>\n        <\/div>\n      <\/div>\n    <\/section>\n        <section data-deco-trigger-js class=\"services-block__body\">\n      <div data-deco-js class=\"services-block__body-line\"><\/div>\n      <div class=\"sk-container sk-container--md\">\n        <div class=\"services-block__body-inner\">\n                                                          <div class=\"services-block__content-block \">\n              <div data-aos=\"fade-right\"\n                   data-aos-offset=\"200\"\n                   data-aos-duration=\"1000\"\n                   data-aos-delay=\"150\"\n                   data-aos-once=\"true\"\n                   class=\"services-block__content-block-col services-block__content-block-col--img\">\n                <div class=\"services-block__content-block-media-wrap sk-media-wrap\">\n                                      \n\n                                          \n      \n  <picture>\n    <source type=\"image\/webp\" sizes=\"\" srcset=\"https:\/\/valorisation.ch\/wp-content\/uploads\/2023\/09\/COLLECTE-100x0-c-default.webp 100w, https:\/\/valorisation.ch\/wp-content\/uploads\/2023\/09\/COLLECTE-200x0-c-default.webp 200w, https:\/\/valorisation.ch\/wp-content\/uploads\/2023\/09\/COLLECTE-400x0-c-default.webp 400w, https:\/\/valorisation.ch\/wp-content\/uploads\/2023\/09\/COLLECTE-600x0-c-default.webp 600w, https:\/\/valorisation.ch\/wp-content\/uploads\/2023\/09\/COLLECTE.webp 800w\">\n    <source type=\"image\/jpeg\" sizes=\"\" srcset=\"https:\/\/valorisation.ch\/wp-content\/uploads\/2023\/09\/COLLECTE-100x0-c-default.jpg 100w, https:\/\/valorisation.ch\/wp-content\/uploads\/2023\/09\/COLLECTE-200x0-c-default.jpg 200w, https:\/\/valorisation.ch\/wp-content\/uploads\/2023\/09\/COLLECTE-400x0-c-default.jpg 400w, https:\/\/valorisation.ch\/wp-content\/uploads\/2023\/09\/COLLECTE-600x0-c-default.jpg 600w, https:\/\/valorisation.ch\/wp-content\/uploads\/2023\/09\/COLLECTE.jpg 800w\">\n    <img decoding=\"async\" class=\"\" width=\"800\" height=\"800\" alt=\"COLLECTE\"\n         src=\"https:\/\/valorisation.ch\/wp-content\/uploads\/2023\/09\/COLLECTE.jpg\" loading=\"lazy\">\n  <\/picture>\n\n                                  <\/div>\n              <\/div>\n              <div class=\"services-block__content-block-col services-block__content-block-col--text\">\n                                  <div data-title-dl1-js\n                       data-dl1-position-js=\"right\"\n                       data-aos=\"fade-left\"\n                       data-aos-offset=\"200\"\n                       data-aos-duration=\"1000\"\n                       data-aos-delay=\"150\"\n                       data-aos-once=\"true\"\n                       class=\"services-block__content-block-title sk-text--h3\">\n                    <?xml encoding=\"utf-8\" ?><p><span>La <\/span><span>culegna <\/span><span>da <\/span><span>residus <\/span><\/p>\n\n                    <div data-dl1-js class=\"deco-line-1\"><\/div>\n                  <\/div>\n                                                  <div data-aos=\"fade-left\"\n                       data-aos-offset=\"200\"\n                       data-aos-duration=\"1000\"\n                       data-aos-delay=\"150\"\n                       data-aos-once=\"true\"\n                       class=\"services-block__content-block-text\"><p class=\"p1\">RVM \u00e8 specialisada en la culegna da residus banals e specialis cun vehichels da &#8220;pesss\u00e0 pitschna&#8221; sutt ils 9 tons da pes cumplessiv. Cun autogiros cun cassuns poly-ben e pitschens pons ch&#8217;\u00e8n munids cun platforms elevatricas, cun bunamain 60 cassuns e compattaders da tuts tilis, cun containers che varian da 120L a 770L da contenance, cun paloxes plastic, bacs metalics e pallets\/cadres CFF, nostra impresa garantescha retiraivas optimeras en mintga circumstanzia.<\/p>\n<\/div>\n                              <\/div>\n            <\/div>\n                                                          <div class=\"services-block__content-block reverse\">\n              <div data-aos=\"fade-left\"\n                   data-aos-offset=\"200\"\n                   data-aos-duration=\"1000\"\n                   data-aos-delay=\"150\"\n                   data-aos-once=\"true\"\n                   class=\"services-block__content-block-col services-block__content-block-col--img\">\n                <div class=\"services-block__content-block-media-wrap sk-media-wrap\">\n                                      \n\n                                          \n      \n  <picture>\n    <source type=\"image\/webp\" sizes=\"\" srcset=\"https:\/\/valorisation.ch\/wp-content\/uploads\/2023\/10\/AMPOULES-100x0-c-default.webp 100w, https:\/\/valorisation.ch\/wp-content\/uploads\/2023\/10\/AMPOULES-200x0-c-default.webp 200w, https:\/\/valorisation.ch\/wp-content\/uploads\/2023\/10\/AMPOULES-400x0-c-default.webp 400w, https:\/\/valorisation.ch\/wp-content\/uploads\/2023\/10\/AMPOULES-600x0-c-default.webp 600w, https:\/\/valorisation.ch\/wp-content\/uploads\/2023\/10\/AMPOULES.webp 800w\">\n    <source type=\"image\/jpeg\" sizes=\"\" srcset=\"https:\/\/valorisation.ch\/wp-content\/uploads\/2023\/10\/AMPOULES-100x0-c-default.jpg 100w, https:\/\/valorisation.ch\/wp-content\/uploads\/2023\/10\/AMPOULES-200x0-c-default.jpg 200w, https:\/\/valorisation.ch\/wp-content\/uploads\/2023\/10\/AMPOULES-400x0-c-default.jpg 400w, https:\/\/valorisation.ch\/wp-content\/uploads\/2023\/10\/AMPOULES-600x0-c-default.jpg 600w, https:\/\/valorisation.ch\/wp-content\/uploads\/2023\/10\/AMPOULES.jpg 800w\">\n    <img decoding=\"async\" class=\"\" width=\"800\" height=\"800\" alt=\"AMPOULES\"\n         src=\"https:\/\/valorisation.ch\/wp-content\/uploads\/2023\/10\/AMPOULES.jpg\" loading=\"lazy\">\n  <\/picture>\n\n                                  <\/div>\n              <\/div>\n              <div class=\"services-block__content-block-col services-block__content-block-col--text\">\n                                  <div data-title-dl1-js\n                       data-dl1-position-js=\"left\"\n                       data-aos=\"fade-right\"\n                       data-aos-offset=\"200\"\n                       data-aos-duration=\"1000\"\n                       data-aos-delay=\"150\"\n                       data-aos-once=\"true\"\n                       class=\"services-block__content-block-title sk-text--h3\">\n                    <?xml encoding=\"utf-8\" ?><p><span>Il <\/span><span>tri <\/span><span>da <\/span><span>residus <\/span><\/p>\n\n                    <div data-dl1-js class=\"deco-line-1\"><\/div>\n                  <\/div>\n                                                  <div data-aos=\"fade-right\"\n                       data-aos-offset=\"200\"\n                       data-aos-duration=\"1000\"\n                       data-aos-delay=\"150\"\n                       data-aos-once=\"true\"\n                       class=\"services-block__content-block-text\"><p class=\"p1\">Il tri e la valorisaziun da residus necessitan ina buna savida da persunal qualifitga, in lieu adatt\u00e0 e adaut\u00e0 dunn\u00e0 per l&#8217;autoritad competenta, agidaziuns e mezzi logistics appropriads sco er ina retg da evacuaziuns conformas per il transport da residus condiziunads en grondas quantitads. Promover las viafiers curtas, prender en cuntegn il bilantsch da carbon per material, priviligiar la riusa e la constituziun da materias primaras\/segundaras implica in engaschament constant en l&#8217;adattaziun e l&#8217;innovaziun.<\/p>\n<\/div>\n                              <\/div>\n            <\/div>\n                                                          <div class=\"services-block__content-block \">\n              <div data-aos=\"fade-right\"\n                   data-aos-offset=\"200\"\n                   data-aos-duration=\"1000\"\n                   data-aos-delay=\"150\"\n                   data-aos-once=\"true\"\n                   class=\"services-block__content-block-col services-block__content-block-col--img\">\n                <div class=\"services-block__content-block-media-wrap sk-media-wrap\">\n                                      \n\n                                          \n      \n  <picture>\n    <source type=\"image\/webp\" sizes=\"\" srcset=\"https:\/\/valorisation.ch\/wp-content\/uploads\/2023\/10\/DEMONTAGE_TECHNIQUE-100x0-c-default.webp 100w, https:\/\/valorisation.ch\/wp-content\/uploads\/2023\/10\/DEMONTAGE_TECHNIQUE-200x0-c-default.webp 200w, https:\/\/valorisation.ch\/wp-content\/uploads\/2023\/10\/DEMONTAGE_TECHNIQUE-400x0-c-default.webp 400w, https:\/\/valorisation.ch\/wp-content\/uploads\/2023\/10\/DEMONTAGE_TECHNIQUE-600x0-c-default.webp 600w, https:\/\/valorisation.ch\/wp-content\/uploads\/2023\/10\/DEMONTAGE_TECHNIQUE.webp 800w\">\n    <source type=\"image\/jpeg\" sizes=\"\" srcset=\"https:\/\/valorisation.ch\/wp-content\/uploads\/2023\/10\/DEMONTAGE_TECHNIQUE-100x0-c-default.jpg 100w, https:\/\/valorisation.ch\/wp-content\/uploads\/2023\/10\/DEMONTAGE_TECHNIQUE-200x0-c-default.jpg 200w, https:\/\/valorisation.ch\/wp-content\/uploads\/2023\/10\/DEMONTAGE_TECHNIQUE-400x0-c-default.jpg 400w, https:\/\/valorisation.ch\/wp-content\/uploads\/2023\/10\/DEMONTAGE_TECHNIQUE-600x0-c-default.jpg 600w, https:\/\/valorisation.ch\/wp-content\/uploads\/2023\/10\/DEMONTAGE_TECHNIQUE.jpg 800w\">\n    <img decoding=\"async\" class=\"\" width=\"800\" height=\"800\" alt=\"DEMONTAGE_TECHNIQUE\"\n         src=\"https:\/\/valorisation.ch\/wp-content\/uploads\/2023\/10\/DEMONTAGE_TECHNIQUE.jpg\" loading=\"lazy\">\n  <\/picture>\n\n                                  <\/div>\n              <\/div>\n              <div class=\"services-block__content-block-col services-block__content-block-col--text\">\n                                  <div data-title-dl1-js\n                       data-dl1-position-js=\"right\"\n                       data-aos=\"fade-left\"\n                       data-aos-offset=\"200\"\n                       data-aos-duration=\"1000\"\n                       data-aos-delay=\"150\"\n                       data-aos-once=\"true\"\n                       class=\"services-block__content-block-title sk-text--h3\">\n                    <?xml encoding=\"utf-8\" ?><p><span>Il <\/span><span>demontadi <\/span><span>tecnic <\/span><\/p>\n\n                    <div data-dl1-js class=\"deco-line-1\"><\/div>\n                  <\/div>\n                                                  <div data-aos=\"fade-left\"\n                       data-aos-offset=\"200\"\n                       data-aos-duration=\"1000\"\n                       data-aos-delay=\"150\"\n                       data-aos-once=\"true\"\n                       class=\"services-block__content-block-text\"><p class=\"p1\">Il fatsch da metter a disposiziun ina squadra da professionals per garantir demontads e smantelads d&#8217;installaziuns industria-las dattescha a RVM la pussa-vilitad da furnir ina vasta gamma da servetschs per satisfar l&#8217;evacuaziun da materials ch&#8217;\u00e8n vegnids da obsuletar. Cun agrupar savair-faire, coordinaziun tranter ils intervenients, metter en lieu e respectar mesiras da segirezza durant l&#8217;intervenziun, e valorisar ils residus ch&#8217;\u00e8n vegnids extrahids dals demontads tecnic vala nostra impresa da garantir in bun pled.<\/p>\n<\/div>\n                              <\/div>\n            <\/div>\n                  <\/div>\n      <\/div>\n    <\/section>\n        <section  class=\"services-block__edge services-block__edge--bottom\">\n      <div class=\"sk-container sk-container--fl\">\n        <div class=\"services-block__edge-inner\">\n          <div data-dl1-edge-js class=\"services-block__edge-col services-block__edge-col--text sk-rounded-corner--top-left\">\n            <div class=\"services-block__edge-content-wrap\">\n                              <div data-title-dl1-js\n                     data-dl1-position-js=\"right\"\n                     data-aos=\"fade-left\"\n                     data-aos-offset=\"200\"\n                     data-aos-duration=\"1000\"\n                     data-aos-delay=\"150\"\n                     data-aos-once=\"true\"\n                     class=\"services-block__edge-title sk-text--h1\">\n                  <?xml encoding=\"utf-8\" ?><p><span>Il <\/span><span>programma <\/span><span>OKbag&reg; <\/span><\/p>\n\n                  <div data-dl1-js class=\"deco-line-1 deco-line-1--gray\"><\/div>\n                <\/div>\n                                            <div data-aos=\"fade-left\"\n                     data-aos-offset=\"200\"\n                     data-aos-duration=\"1000\"\n                     data-aos-delay=\"150\"\n                     data-aos-once=\"true\"\n                     class=\"services-block__edge-text\"><p>Cun in receptacul estetic tip gondola en plastic, simelar a quels utilisads per la culegna da PET o da canettas d&#8217;alu, mintga collaboratur po metter sia variada scurlada en ina tscholla unica che vegnira dusseguida transportada en in\u2019installaziun da tri. Quai vul dir ch&#8217;ils diverss material vegnan separads a l&#8217;extern cun l&#8217;agid d&#8217;equipaments tecnics specifics, quai tar ina separaziun ch&#8217;\u00e8 impussibla da far internamain.<\/p>\n<\/div>\n                                            <div data-aos=\"fade-left\"\n                     data-aos-offset=\"200\"\n                     data-aos-duration=\"1000\"\n                     data-aos-delay=\"150\"\n                     data-aos-once=\"true\"\n                     class=\"services-block__cta-wrap\">\n                  <a href=\"https:\/\/okbag.ch\/\"\n                     target=\"_blank\"\n                     class=\"services-block__cta sk-btn sk-btn--hover-white\">\n                    En savair dapli\n                    <svg>\n                      <use href=\"#btn-arrow\"><\/use>\n                    <\/svg>\n                  <\/a>\n                <\/div>\n                          <\/div>\n          <\/div>\n          <div data-aos=\"fade-right\"\n               data-aos-offset=\"200\"\n               data-aos-duration=\"1000\"\n               data-aos-delay=\"150\"\n               data-aos-once=\"true\"\n               class=\"services-block__edge-col services-block__edge-col--img\">\n            <div class=\"services-block__edge-media-wrap sk-media-wrap\">\n                              \n\n                                                              \n      \n  <picture>\n    <source type=\"image\/webp\" sizes=\"\" srcset=\"https:\/\/valorisation.ch\/wp-content\/uploads\/2023\/10\/OKBAG-100x0-c-default.webp 100w, https:\/\/valorisation.ch\/wp-content\/uploads\/2023\/10\/OKBAG-200x0-c-default.webp 200w, https:\/\/valorisation.ch\/wp-content\/uploads\/2023\/10\/OKBAG-400x0-c-default.webp 400w, https:\/\/valorisation.ch\/wp-content\/uploads\/2023\/10\/OKBAG-600x0-c-default.webp 600w, https:\/\/valorisation.ch\/wp-content\/uploads\/2023\/10\/OKBAG-800x0-c-default.webp 800w, https:\/\/valorisation.ch\/wp-content\/uploads\/2023\/10\/OKBAG-1200x0-c-default.webp 1200w, https:\/\/valorisation.ch\/wp-content\/uploads\/2023\/10\/OKBAG.webp 1488w\">\n    <source type=\"image\/jpeg\" sizes=\"\" srcset=\"https:\/\/valorisation.ch\/wp-content\/uploads\/2023\/10\/OKBAG-100x0-c-default.jpg 100w, https:\/\/valorisation.ch\/wp-content\/uploads\/2023\/10\/OKBAG-200x0-c-default.jpg 200w, https:\/\/valorisation.ch\/wp-content\/uploads\/2023\/10\/OKBAG-400x0-c-default.jpg 400w, https:\/\/valorisation.ch\/wp-content\/uploads\/2023\/10\/OKBAG-600x0-c-default.jpg 600w, https:\/\/valorisation.ch\/wp-content\/uploads\/2023\/10\/OKBAG-800x0-c-default.jpg 800w, https:\/\/valorisation.ch\/wp-content\/uploads\/2023\/10\/OKBAG-1200x0-c-default.jpg 1200w, https:\/\/valorisation.ch\/wp-content\/uploads\/2023\/10\/OKBAG.jpg 1488w\">\n    <img decoding=\"async\" class=\"\" width=\"1488\" height=\"1309\" alt=\"OKBAG\"\n         src=\"https:\/\/valorisation.ch\/wp-content\/uploads\/2023\/10\/OKBAG.jpg\" loading=\"lazy\">\n  <\/picture>\n\n                          <\/div>\n          <\/div>\n        <\/div>\n      <\/div>\n    <\/section>\n  <\/section>\n\n\n<section data-pattern-block-js\n         data-aos=\"fade-up\"\n         data-aos-offset=\"200\"\n         data-aos-duration=\"1000\"\n         data-aos-delay=\"150\"\n         data-aos-once=\"true\"\n         class=\"pattern-block gutenberg-block \" >\n  <div class=\"sk-container sk-container--fl\">\n    <div class=\"pattern-block__inner\">\n              <div data-row-js class=\"pattern-block__row\">\n        <\/div>\n              <div data-row-js class=\"pattern-block__row\">\n        <\/div>\n              <div data-row-js class=\"pattern-block__row\">\n        <\/div>\n          <\/div>\n  <\/div>\n  <div data-parent-js class=\"pattern-block__col\">\n    <svg viewBox=\"0 0 101 82.72046\" version=\"1.1\">\n      <g id=\"Group-11-Copy-10\">\n        <path\n          d=\"M14.5483 21.5701L56.181 21.5701L56.181 29.102L78.4325 14.551L56.181 0L56.181 7.52645C56.181 7.52645 42.196 7.46418 28.5699 7.52645C14.9293 7.60705 14.5483 21.5701 14.5483 21.5701\"\n          id=\"Fill-1\" fill=\"#ffffff\" fill-rule=\"evenodd\" stroke=\"#707173\" stroke-width=\"1\"\/>\n        <path\n          d=\"M78.4354 14.551L78.4354 37.885L70.9035 37.885L85.4581 60.1475L100 37.885L92.468 37.885C92.468 37.885 92.545 42.2207 92.468 28.58C92.4168 14.9393 78.4354 14.551 78.4354 14.551\"\n          id=\"Fill-4\" fill=\"#ffffff\" fill-rule=\"evenodd\" stroke=\"#707173\" stroke-width=\"1\"\/>\n        <path\n          d=\"M85.4516 60.1503L43.8189 60.1503L43.8189 52.6183L21.5674 67.1693L43.8189 81.7204L43.8189 74.1939C43.8189 74.1939 57.804 74.2562 71.43 74.1939C85.0706 74.1133 85.4516 60.1503 85.4516 60.1503\"\n          id=\"Fill-7\" fill=\"#ffffff\" fill-rule=\"evenodd\" stroke=\"#707173\" stroke-width=\"1\"\/>\n        <path\n          d=\"M21.5646 67.1693L21.5646 43.8353L29.0965 43.8353L14.5419 21.5728L0 43.8353L7.53195 43.8353C7.53195 43.8353 7.45502 39.4997 7.53195 53.1404C7.58324 66.781 21.5646 67.1693 21.5646 67.1693\"\n          id=\"Fill-9\" fill=\"#ffffff\" fill-rule=\"evenodd\" stroke=\"#707173\" stroke-width=\"1\"\/>\n      <\/g>\n    <\/svg>\n  <\/div>\n<\/section>\n","protected":false},"excerpt":{"rendered":"","protected":false},"author":9,"featured_media":0,"parent":0,"menu_order":0,"comment_status":"closed","ping_status":"closed","template":"","meta":{"_acf_changed":false,"footnotes":""},"class_list":["post-650","page","type-page","status-publish","hentry"],"acf":[],"_links":{"self":[{"href":"https:\/\/valorisation.ch\/rm\/wp-json\/wp\/v2\/pages\/650","targetHints":{"allow":["GET"]}}],"collection":[{"href":"https:\/\/valorisation.ch\/rm\/wp-json\/wp\/v2\/pages"}],"about":[{"href":"https:\/\/valorisation.ch\/rm\/wp-json\/wp\/v2\/types\/page"}],"author":[{"embeddable":true,"href":"https:\/\/valorisation.ch\/rm\/wp-json\/wp\/v2\/users\/9"}],"replies":[{"embeddable":true,"href":"https:\/\/valorisation.ch\/rm\/wp-json\/wp\/v2\/comments?post=650"}],"version-history":[{"count":3,"href":"https:\/\/valorisation.ch\/rm\/wp-json\/wp\/v2\/pages\/650\/revisions"}],"predecessor-version":[{"id":654,"href":"https:\/\/valorisation.ch\/rm\/wp-json\/wp\/v2\/pages\/650\/revisions\/654"}],"wp:attachment":[{"href":"https:\/\/valorisation.ch\/rm\/wp-json\/wp\/v2\/media?parent=650"}],"curies":[{"name":"wp","href":"https:\/\/api.w.org\/{rel}","templated":true}]}}